{"id":21758,"date":"2024-05-14T04:43:09","date_gmt":"2024-05-14T04:43:09","guid":{"rendered":"https:\/\/busquedas.org\/about-us\/"},"modified":"2026-05-01T23:09:43","modified_gmt":"2026-05-01T23:09:43","slug":"about-us","status":"publish","type":"page","link":"https:\/\/busquedas.org\/en\/about-us\/","title":{"rendered":"About Us"},"content":{"rendered":"\n<div style=\"height:72px\" aria-hidden=\"true\" class=\"wp-block-spacer\"><\/div>\n\n<figure class=\"wp-block-image size-large is-resized\"><img fetchpriority=\"high\" decoding=\"async\" width=\"1017\" height=\"1024\" src=\"https:\/\/busquedas.org\/wp-content\/uploads\/2024\/05\/grad-busquedas-4-1017x1024.png\" alt=\"\" class=\"wp-image-21007\" style=\"width:260px;height:auto\" srcset=\"https:\/\/busquedas.org\/wp-content\/uploads\/2024\/05\/grad-busquedas-4-1017x1024.png 1017w, https:\/\/busquedas.org\/wp-content\/uploads\/2024\/05\/grad-busquedas-4-298x300.png 298w, https:\/\/busquedas.org\/wp-content\/uploads\/2024\/05\/grad-busquedas-4-150x150.png 150w, https:\/\/busquedas.org\/wp-content\/uploads\/2024\/05\/grad-busquedas-4-768x773.png 768w, https:\/\/busquedas.org\/wp-content\/uploads\/2024\/05\/grad-busquedas-4-370x372.png 370w, https:\/\/busquedas.org\/wp-content\/uploads\/2024\/05\/grad-busquedas-4-120x120.png 120w, https:\/\/busquedas.org\/wp-content\/uploads\/2024\/05\/grad-busquedas-4-840x846.png 840w, https:\/\/busquedas.org\/wp-content\/uploads\/2024\/05\/grad-busquedas-4-410x413.png 410w, https:\/\/busquedas.org\/wp-content\/uploads\/2024\/05\/grad-busquedas-4-600x604.png 600w, https:\/\/busquedas.org\/wp-content\/uploads\/2024\/05\/grad-busquedas-4.png 1200w\" sizes=\"(max-width: 1017px) 100vw, 1017px\" \/><\/figure>\n\n<div style=\"height:50px\" aria-hidden=\"true\" class=\"wp-block-spacer\"><\/div>\n\n<p>What is the search? What are the quests?<\/p>\n\n<p>These are the underlying questions, further questions about life, humanity, earth, peoples, nations and cultures, wars, human suffering, indifference, what am I, what is the deep meaning of my existence, yours, ours.<\/p>\n\n<p>Attempts to find answers to these inquiries can expose us to an inner emptiness, confronting us with a deep malaise at the core of our feeling, with our shared humanity, and, perhaps, with our conscience or soul. Something stirs; it does not allow us to accept as normal so much human suffering that we clearly see as useless and painful. And it also hurts to encounter great indifference. To suffer without complaining, accepting it, without becoming a victim is praiseworthy; to suffer with others, living compassion, is important, but it is still insufficient. <\/p>\n\n<p>Why do we exist in this manner? Just as a bottomless mirror, the same question comes back to us: why do I exist here, why do I live, what is the meaning of our life?<\/p>\n\n<p>An inner search is born from our dissatisfaction with what is there, which is neither fair nor beautiful, but suffering; from our discomfort with the emptiness that we are, seeing ourselves as passive spectators of a meaningless life.<\/p>\n\n<p>We are seeking, because there are questions buried within, seeds-questions of restlessness, perhaps of possible hopes of another form of life where my existence can have a meaning.<\/p>\n\n<p>This is the search that drives us here in this <em>magazine<\/em>, the spiritual search in its diverse and possible forms and paths: <em>\u201cB\u00fasquedas\u201d<\/em>.<\/p>\n\n<p>We seek to briefly touch that sensation of existing by treading the paths that lead us to know our inner self, to discover our submerged conscience and connect us to the ever reborn universal life.<\/p>\n\n<p>For this reason, a group of people who have come across questions founded the magazine <strong><em>\u201cB\u00fasquedas\u201d<\/em><\/strong>, which is open to discover life, being, individual and universal conscience.<\/p>\n\n<p>Towards what Michel de Salzmann invites us to do: <em>To move towards what Michel de Salzmann invites us: \u201cThe secret vocation of each person is to become oneself. The greatest obstacle is all the ideas one has about oneself. To keep asking oneself the question: Who am I?\u201d<\/em><sup data-fn=\"2c12da8f-952e-4f93-b81b-7352f64c1a48\" class=\"fn\"><a href=\"#2c12da8f-952e-4f93-b81b-7352f64c1a48\" id=\"2c12da8f-952e-4f93-b81b-7352f64c1a48-link\">1<\/a><\/sup><\/p>\n\n<p><strong>B\u00fasquedas<\/strong> is a space for sharing spiritual exploration from various perspectives, including the Work in Teaching of George Ivanovitch Gurdjieff\u2014which we, the founders of B\u00fasquedas, embrace\u2014as well as other spiritual currents, traditions, and experiences of inquiry from both the East and the West.<\/p>\n\n<p><strong>&#8220;B\u00fasquedas&#8221;<\/strong> is a free, safe and respectful digital space in which different voices and inner searches can gather, transmit and share, from their experiences and understandings. In this way, a network will be gradually woven, between contexts, countries, spaces and ages, based on the plurality and sincerity of a work and a free and direct search.<\/p>\n\n<p><strong>&#8220;B\u00fasquedas&#8221;<\/strong> gathers texts, notebooks, poems, reflections, re-readings of texts through new perspectives, book reviews, interviews, photographs, images, among others, so that they can be shared and generate a living network towards the growth of the being.<\/p>\n\n<p>In the same way, it encourages dialogue between different schools, points of view, religious and spiritual currents and approaches, so that they can nourish the search of those who write and of the readers.<\/p>\n\n<p>We recognize the value of the efforts and quests of many people, in times when there is a lot of literature on \u201cpaths\u201d. In this space we want to host and encourage this debate of quests from direct experiences that crystallize knowledge, awareness of being and animate the desire to be. <\/p>\n\n<p>Ideas, teachings and experiences are something alive that deeply mark each person or search groups, and produce a real influence in the world. And they can lead us to walk through the hope of consciousness, which is strength, and consciousness of self, which is the door to the freedom of being.<\/p>\n\n<p>We invite you to join these <strong><em>Search<\/em><\/strong> efforts.<\/p>\n\n<p>Gladys Jimeno<\/p>\n\n<p>Gabriela Su\u00e1rez<\/p>\n\n<p>Germ\u00e1nico Pinto<\/p>\n\n<p>David Pinto<\/p>\n<ol class=\"wp-block-footnotes\"><li id=\"2c12da8f-952e-4f93-b81b-7352f64c1a48\">Notes submitted and prepared by Jean-Pierre Marville and Juan Mart\u00ednez. <em>Notes sur le travail int\u00e9rieur en question avec Michel de Salzmann. P. 73. La biblioth\u00e8que de l\u00b4homme rus\u00e9.   7. \u00c9ditions \u00c9olienneS, 2023. ISSN: 2257-9818. ISBN: 978-2-37672-060-7  <\/em> <a href=\"#2c12da8f-952e-4f93-b81b-7352f64c1a48-link\" aria-label=\"Jump to footnote reference 1\">\u21a9\ufe0e<\/a><\/li><\/ol>","protected":false},"excerpt":{"rendered":"<p>What is the search? What are the quests? These are the underlying questions, further questions about life, humanity, earth, peoples, nations and cultures, wars, human suffering, indifference, what am I,&hellip;<\/p>\n","protected":false},"author":1,"featured_media":21722,"parent":0,"menu_order":0,"comment_status":"closed","ping_status":"closed","template":"","meta":{"footnotes":"[{\"content\":\"Notes submitted and prepared by Jean-Pierre Marville and Juan Mart\\u00ednez. <em>Notes sur le travail int\\u00e9rieur en question avec Michel de Salzmann. P. 73. La biblioth\\u00e8que de l\\u00b4homme rus\\u00e9.   7. \\u00c9ditions \\u00c9olienneS, 2023. ISSN: 2257-9818. ISBN: 978-2-37672-060-7  <\\\/em>\",\"id\":\"2c12da8f-952e-4f93-b81b-7352f64c1a48\"}]"},"class_list":["post-21758","page","type-page","status-publish","has-post-thumbnail","hentry"],"yoast_head":"<!-- This site is optimized with the Yoast SEO plugin v27.6 - https:\/\/yoast.com\/product\/yoast-seo-wordpress\/ -->\n<title>About Us &#8226; B\u00fasquedas<\/title>\n<meta name=\"robots\" content=\"index, follow, max-snippet:-1, max-image-preview:large, max-video-preview:-1\" \/>\n<link rel=\"canonical\" href=\"https:\/\/busquedas.org\/en\/about-us\/\" \/>\n<meta property=\"og:locale\" content=\"en_US\" \/>\n<meta property=\"og:type\" content=\"article\" \/>\n<meta property=\"og:title\" content=\"About Us &#8226; B\u00fasquedas\" \/>\n<meta property=\"og:description\" content=\"What is the search? What are the quests? These are the underlying questions, further questions about life, humanity, earth, peoples, nations and cultures, wars, human suffering, indifference, what am I,&hellip;\" \/>\n<meta property=\"og:url\" content=\"https:\/\/busquedas.org\/en\/about-us\/\" \/>\n<meta property=\"og:site_name\" content=\"B\u00fasquedas\" \/>\n<meta property=\"article:publisher\" content=\"https:\/\/www.facebook.com\/busquedasorg\/\" \/>\n<meta property=\"article:modified_time\" content=\"2026-05-01T23:09:43+00:00\" \/>\n<meta property=\"og:image\" content=\"https:\/\/busquedas.org\/wp-content\/uploads\/2024\/05\/pexels-hasan-kurt-154798938-10749697-1.jpg\" \/>\n\t<meta property=\"og:image:width\" content=\"1600\" \/>\n\t<meta property=\"og:image:height\" content=\"1067\" \/>\n\t<meta property=\"og:image:type\" content=\"image\/jpeg\" \/>\n<meta name=\"twitter:card\" content=\"summary_large_image\" \/>\n<meta name=\"twitter:label1\" content=\"Est. reading time\" \/>\n\t<meta name=\"twitter:data1\" content=\"4 minutes\" \/>\n<script type=\"application\/ld+json\" class=\"yoast-schema-graph\">{\"@context\":\"https:\\\/\\\/schema.org\",\"@graph\":[{\"@type\":\"WebPage\",\"@id\":\"https:\\\/\\\/busquedas.org\\\/en\\\/about-us\\\/\",\"url\":\"https:\\\/\\\/busquedas.org\\\/en\\\/about-us\\\/\",\"name\":\"About Us &#8226; B\u00fasquedas\",\"isPartOf\":{\"@id\":\"https:\\\/\\\/busquedas.org\\\/en\\\/#website\"},\"primaryImageOfPage\":{\"@id\":\"https:\\\/\\\/busquedas.org\\\/en\\\/about-us\\\/#primaryimage\"},\"image\":{\"@id\":\"https:\\\/\\\/busquedas.org\\\/en\\\/about-us\\\/#primaryimage\"},\"thumbnailUrl\":\"https:\\\/\\\/busquedas.org\\\/wp-content\\\/uploads\\\/2024\\\/05\\\/pexels-hasan-kurt-154798938-10749697-1.jpg\",\"datePublished\":\"2024-05-14T04:43:09+00:00\",\"dateModified\":\"2026-05-01T23:09:43+00:00\",\"breadcrumb\":{\"@id\":\"https:\\\/\\\/busquedas.org\\\/en\\\/about-us\\\/#breadcrumb\"},\"inLanguage\":\"en-US\",\"potentialAction\":[{\"@type\":\"ReadAction\",\"target\":[\"https:\\\/\\\/busquedas.org\\\/en\\\/about-us\\\/\"]}]},{\"@type\":\"ImageObject\",\"inLanguage\":\"en-US\",\"@id\":\"https:\\\/\\\/busquedas.org\\\/en\\\/about-us\\\/#primaryimage\",\"url\":\"https:\\\/\\\/busquedas.org\\\/wp-content\\\/uploads\\\/2024\\\/05\\\/pexels-hasan-kurt-154798938-10749697-1.jpg\",\"contentUrl\":\"https:\\\/\\\/busquedas.org\\\/wp-content\\\/uploads\\\/2024\\\/05\\\/pexels-hasan-kurt-154798938-10749697-1.jpg\",\"width\":1600,\"height\":1067},{\"@type\":\"BreadcrumbList\",\"@id\":\"https:\\\/\\\/busquedas.org\\\/en\\\/about-us\\\/#breadcrumb\",\"itemListElement\":[{\"@type\":\"ListItem\",\"position\":1,\"name\":\"Home\",\"item\":\"https:\\\/\\\/busquedas.org\\\/en\\\/home\\\/\"},{\"@type\":\"ListItem\",\"position\":2,\"name\":\"About Us\"}]},{\"@type\":\"WebSite\",\"@id\":\"https:\\\/\\\/busquedas.org\\\/en\\\/#website\",\"url\":\"https:\\\/\\\/busquedas.org\\\/en\\\/\",\"name\":\"B\u00fasquedas\",\"description\":\"Revista B\u00fasquedas\",\"publisher\":{\"@id\":\"https:\\\/\\\/busquedas.org\\\/en\\\/#organization\"},\"potentialAction\":[{\"@type\":\"SearchAction\",\"target\":{\"@type\":\"EntryPoint\",\"urlTemplate\":\"https:\\\/\\\/busquedas.org\\\/en\\\/?s={search_term_string}\"},\"query-input\":{\"@type\":\"PropertyValueSpecification\",\"valueRequired\":true,\"valueName\":\"search_term_string\"}}],\"inLanguage\":\"en-US\"},{\"@type\":\"Organization\",\"@id\":\"https:\\\/\\\/busquedas.org\\\/en\\\/#organization\",\"name\":\"Revista B\u00fasquedas\",\"url\":\"https:\\\/\\\/busquedas.org\\\/en\\\/\",\"logo\":{\"@type\":\"ImageObject\",\"inLanguage\":\"en-US\",\"@id\":\"https:\\\/\\\/busquedas.org\\\/en\\\/#\\\/schema\\\/logo\\\/image\\\/\",\"url\":\"https:\\\/\\\/busquedas.org\\\/wp-content\\\/uploads\\\/2024\\\/05\\\/Logo-busquedas-negro.png\",\"contentUrl\":\"https:\\\/\\\/busquedas.org\\\/wp-content\\\/uploads\\\/2024\\\/05\\\/Logo-busquedas-negro.png\",\"width\":230,\"height\":80,\"caption\":\"Revista B\u00fasquedas\"},\"image\":{\"@id\":\"https:\\\/\\\/busquedas.org\\\/en\\\/#\\\/schema\\\/logo\\\/image\\\/\"},\"sameAs\":[\"https:\\\/\\\/www.facebook.com\\\/busquedasorg\\\/\",\"https:\\\/\\\/www.instagram.com\\\/busquedas_org\\\/\",\"https:\\\/\\\/www.youtube.com\\\/@busquedas_org\"]}]}<\/script>\n<!-- \/ Yoast SEO plugin. -->","yoast_head_json":{"title":"About Us &#8226; B\u00fasquedas","robots":{"index":"index","follow":"follow","max-snippet":"max-snippet:-1","max-image-preview":"max-image-preview:large","max-video-preview":"max-video-preview:-1"},"canonical":"https:\/\/busquedas.org\/en\/about-us\/","og_locale":"en_US","og_type":"article","og_title":"About Us &#8226; B\u00fasquedas","og_description":"What is the search? What are the quests? These are the underlying questions, further questions about life, humanity, earth, peoples, nations and cultures, wars, human suffering, indifference, what am I,&hellip;","og_url":"https:\/\/busquedas.org\/en\/about-us\/","og_site_name":"B\u00fasquedas","article_publisher":"https:\/\/www.facebook.com\/busquedasorg\/","article_modified_time":"2026-05-01T23:09:43+00:00","og_image":[{"width":1600,"height":1067,"url":"https:\/\/busquedas.org\/wp-content\/uploads\/2024\/05\/pexels-hasan-kurt-154798938-10749697-1.jpg","type":"image\/jpeg"}],"twitter_card":"summary_large_image","twitter_misc":{"Est. reading time":"4 minutes"},"schema":{"@context":"https:\/\/schema.org","@graph":[{"@type":"WebPage","@id":"https:\/\/busquedas.org\/en\/about-us\/","url":"https:\/\/busquedas.org\/en\/about-us\/","name":"About Us &#8226; B\u00fasquedas","isPartOf":{"@id":"https:\/\/busquedas.org\/en\/#website"},"primaryImageOfPage":{"@id":"https:\/\/busquedas.org\/en\/about-us\/#primaryimage"},"image":{"@id":"https:\/\/busquedas.org\/en\/about-us\/#primaryimage"},"thumbnailUrl":"https:\/\/busquedas.org\/wp-content\/uploads\/2024\/05\/pexels-hasan-kurt-154798938-10749697-1.jpg","datePublished":"2024-05-14T04:43:09+00:00","dateModified":"2026-05-01T23:09:43+00:00","breadcrumb":{"@id":"https:\/\/busquedas.org\/en\/about-us\/#breadcrumb"},"inLanguage":"en-US","potentialAction":[{"@type":"ReadAction","target":["https:\/\/busquedas.org\/en\/about-us\/"]}]},{"@type":"ImageObject","inLanguage":"en-US","@id":"https:\/\/busquedas.org\/en\/about-us\/#primaryimage","url":"https:\/\/busquedas.org\/wp-content\/uploads\/2024\/05\/pexels-hasan-kurt-154798938-10749697-1.jpg","contentUrl":"https:\/\/busquedas.org\/wp-content\/uploads\/2024\/05\/pexels-hasan-kurt-154798938-10749697-1.jpg","width":1600,"height":1067},{"@type":"BreadcrumbList","@id":"https:\/\/busquedas.org\/en\/about-us\/#breadcrumb","itemListElement":[{"@type":"ListItem","position":1,"name":"Home","item":"https:\/\/busquedas.org\/en\/home\/"},{"@type":"ListItem","position":2,"name":"About Us"}]},{"@type":"WebSite","@id":"https:\/\/busquedas.org\/en\/#website","url":"https:\/\/busquedas.org\/en\/","name":"B\u00fasquedas","description":"Revista B\u00fasquedas","publisher":{"@id":"https:\/\/busquedas.org\/en\/#organization"},"potentialAction":[{"@type":"SearchAction","target":{"@type":"EntryPoint","urlTemplate":"https:\/\/busquedas.org\/en\/?s={search_term_string}"},"query-input":{"@type":"PropertyValueSpecification","valueRequired":true,"valueName":"search_term_string"}}],"inLanguage":"en-US"},{"@type":"Organization","@id":"https:\/\/busquedas.org\/en\/#organization","name":"Revista B\u00fasquedas","url":"https:\/\/busquedas.org\/en\/","logo":{"@type":"ImageObject","inLanguage":"en-US","@id":"https:\/\/busquedas.org\/en\/#\/schema\/logo\/image\/","url":"https:\/\/busquedas.org\/wp-content\/uploads\/2024\/05\/Logo-busquedas-negro.png","contentUrl":"https:\/\/busquedas.org\/wp-content\/uploads\/2024\/05\/Logo-busquedas-negro.png","width":230,"height":80,"caption":"Revista B\u00fasquedas"},"image":{"@id":"https:\/\/busquedas.org\/en\/#\/schema\/logo\/image\/"},"sameAs":["https:\/\/www.facebook.com\/busquedasorg\/","https:\/\/www.instagram.com\/busquedas_org\/","https:\/\/www.youtube.com\/@busquedas_org"]}]}},"_links":{"self":[{"href":"https:\/\/busquedas.org\/en\/wp-json\/wp\/v2\/pages\/21758","targetHints":{"allow":["GET"]}}],"collection":[{"href":"https:\/\/busquedas.org\/en\/wp-json\/wp\/v2\/pages"}],"about":[{"href":"https:\/\/busquedas.org\/en\/wp-json\/wp\/v2\/types\/page"}],"author":[{"embeddable":true,"href":"https:\/\/busquedas.org\/en\/wp-json\/wp\/v2\/users\/1"}],"replies":[{"embeddable":true,"href":"https:\/\/busquedas.org\/en\/wp-json\/wp\/v2\/comments?post=21758"}],"version-history":[{"count":5,"href":"https:\/\/busquedas.org\/en\/wp-json\/wp\/v2\/pages\/21758\/revisions"}],"predecessor-version":[{"id":22501,"href":"https:\/\/busquedas.org\/en\/wp-json\/wp\/v2\/pages\/21758\/revisions\/22501"}],"wp:featuredmedia":[{"embeddable":true,"href":"https:\/\/busquedas.org\/en\/wp-json\/wp\/v2\/media\/21722"}],"wp:attachment":[{"href":"https:\/\/busquedas.org\/en\/wp-json\/wp\/v2\/media?parent=21758"}],"curies":[{"name":"wp","href":"https:\/\/api.w.org\/{rel}","templated":true}]}}