{"id":21760,"date":"2024-05-14T04:43:09","date_gmt":"2024-05-14T04:43:09","guid":{"rendered":"https:\/\/busquedas.org\/a-propos\/"},"modified":"2026-05-01T23:11:40","modified_gmt":"2026-05-01T23:11:40","slug":"a-propos","status":"publish","type":"page","link":"https:\/\/busquedas.org\/fr\/a-propos\/","title":{"rendered":"\u00c0 propos"},"content":{"rendered":"\n<div style=\"height:72px\" aria-hidden=\"true\" class=\"wp-block-spacer\"><\/div>\n\n<figure class=\"wp-block-image size-large is-resized\"><img fetchpriority=\"high\" decoding=\"async\" width=\"1017\" height=\"1024\" src=\"https:\/\/busquedas.org\/wp-content\/uploads\/2024\/05\/grad-busquedas-4-1017x1024.png\" alt=\"\" class=\"wp-image-21007\" style=\"width:260px;height:auto\" srcset=\"https:\/\/busquedas.org\/wp-content\/uploads\/2024\/05\/grad-busquedas-4-1017x1024.png 1017w, https:\/\/busquedas.org\/wp-content\/uploads\/2024\/05\/grad-busquedas-4-298x300.png 298w, https:\/\/busquedas.org\/wp-content\/uploads\/2024\/05\/grad-busquedas-4-150x150.png 150w, https:\/\/busquedas.org\/wp-content\/uploads\/2024\/05\/grad-busquedas-4-768x773.png 768w, https:\/\/busquedas.org\/wp-content\/uploads\/2024\/05\/grad-busquedas-4-370x372.png 370w, https:\/\/busquedas.org\/wp-content\/uploads\/2024\/05\/grad-busquedas-4-120x120.png 120w, https:\/\/busquedas.org\/wp-content\/uploads\/2024\/05\/grad-busquedas-4-840x846.png 840w, https:\/\/busquedas.org\/wp-content\/uploads\/2024\/05\/grad-busquedas-4-410x413.png 410w, https:\/\/busquedas.org\/wp-content\/uploads\/2024\/05\/grad-busquedas-4-600x604.png 600w, https:\/\/busquedas.org\/wp-content\/uploads\/2024\/05\/grad-busquedas-4.png 1200w\" sizes=\"(max-width: 1017px) 100vw, 1017px\" \/><\/figure>\n\n<div style=\"height:50px\" aria-hidden=\"true\" class=\"wp-block-spacer\"><\/div>\n\n<p>Qu\u2019est-ce que la qu\u00eate ? Quelles sont les qu\u00eates ?<\/p>\n\n<p>Voici des questions qui cachent davantage beaucoup plus de questions au sujet de la vie, l\u2019humanit\u00e9, la terre, les peuples, les nations et les cultures, les guerres, la souffrance humaine, l\u2019indiff\u00e9rence, ce que je suis, et le sens profond de mon existence, la tienne, la n\u00f4tre.<\/p>\n\n<p>Se pencher sur des tentatives de r\u00e9ponse peut nous confronter \u00e0 un vide int\u00e9rieur. Face \u00e0 un profond malaise au centre de notre sentiment, de notre humanit\u00e9 partag\u00e9e, peut-\u00eatre de notre conscience ou de notre \u00e2me, quelque chose nous \u00e9branle, ne nous laisse pas accepter comme normales tant de souffrances humaines que nous voyons clairement comme inutiles et douloureuses. Et il est \u00e9galement douloureux de rencontrer une distance, une grande indiff\u00e9rence. Souffrir sans se plaindre, l\u2019accepter, sans devenir une victime, c\u2019est louable ; souffrir avec les autres, vivre la compassion, c\u2019est important, mais c\u2019est encore insuffisant. <\/p>\n\n<p>Pourquoi existons-nous ainsi ? omme un miroir sans fond, la m\u00eame question nous frappe \u00e0 nouveau : pourquoi j\u2019existe ici ? Pour quoi je vis ? Quel est le sens de notre vie ?<\/p>\n\n<p>Une qu\u00eate int\u00e9rieure na\u00eet de notre insatisfaction avec ce qui est et qui n&#8217;est ni juste ni beau, mais souffrant ; \u00e0 partir de notre malaise face au vide que nous sommes, en nous voyant comme des spectateurs passifs ou passives d\u2019une vie d\u00e9nu\u00e9e de sens.<\/p>\n\n<p>Nous cherchons, parce qu\u2019il y a des questions sem\u00e9es \u00e0 l\u2019int\u00e9rieur, des questions-germes d\u2019agitation, peut-\u00eatre d\u2019espoirs possibles d\u2019un autre mode de vie o\u00f9 mon existence peut avoir un sens.<\/p>\n\n<p>Voil\u00e0 la qu\u00eate qui nous anime dans cette <em>revue<\/em>, la qu\u00eate spirituelle dans les formes et chemins divers et possibles : <em>\u00ab B\u00fasquedas \u00bb<\/em>.<\/p>\n\n<p>Nous cherchons \u00e0 effleurer bri\u00e8vement ce sens de l\u2019existence en empruntant les chemins qui nous m\u00e8nent \u00e0 conna\u00eetre notre \u00eatre int\u00e9rieur, \u00e0 d\u00e9couvrir notre conscience submerg\u00e9e et \u00e0 nous connecter \u00e0 la vie universelle qui rena\u00eet sans cesse.<\/p>\n\n<p>C\u2019est pour cela qu\u2019un groupe de personnes touch\u00e9es par des questions a fond\u00e9 la revue <strong><em>\u00ab B\u00fasquedas \u00bb<\/em><\/strong>, qui s\u2019ouvre \u00e0 la d\u00e9couverte de la vie, de l\u2019\u00eatre, de la conscience individuelle et universelle.<\/p>\n\n<p>Suivons l&#8217;invitation de Michel de Salzmann : <em>Aller vers ce \u00e0 quoi nous invite Michel de Salzmann : \u00ab La vocation secr\u00e8te de chacun est de devenir soi-m\u00eame. Le plus grand obstacle : ce sont toutes les id\u00e9es que l\u2019on a sur soi. Se tenir dans la question : Qui suis-je ? \u00bb.<\/em><sup data-fn=\"2c12da8f-952e-4f93-b81b-7352f64c1a48\" class=\"fn\"><a href=\"#2c12da8f-952e-4f93-b81b-7352f64c1a48\" id=\"2c12da8f-952e-4f93-b81b-7352f64c1a48-link\">1<\/a><\/sup><\/p>\n\n<p><strong>\u00ab B\u00fasquedas \u00bb<\/strong> est un espace destin\u00e9 \u00e0 mettre en commun la qu\u00eate spirituelle sous diff\u00e9rents angles, notamment celui du \u00ab Travail sur l&#8217;enseignement \u00bb de George Ivanovitch Gurdjieff, que nous partageons, nous les fondateurs de \u00ab B\u00fasquedas \u00bb, ainsi que d&#8217;autres courants, traditions et exp\u00e9riences spirituelles de recherche provenant tant de l&#8217;Orient que de l&#8217;Occident.<\/p>\n\n<p><strong>\u00ab B\u00fasquedas \u00bb<\/strong> est un espace num\u00e9rique libre, s\u00fbr et respectueux dans lequel diff\u00e9rentes voix et qu\u00eates int\u00e9rieures peuvent recueillir, transmettre et partager leurs exp\u00e9riences et leurs compr\u00e9hensions. Ainsi, un r\u00e9seau se tissera progressivement, entre les contextes, les pays, les espaces et les \u00e2ges des personnes, bas\u00e9 sur la pluralit\u00e9 et la sinc\u00e9rit\u00e9 d\u2019un travail et d\u2019une qu\u00eate libre et directe.<\/p>\n\n<p><strong>\u00ab B\u00fasquedas \u00bb<\/strong> rassemble des textes, des carnets, des po\u00e8mes, des r\u00e9flexions, des relectures de textes \u00e0 travers de nouvelles perspectives, des critiques de livres, des interviews, des photographies, des images, entre autres, afin qu\u2019ils puissent \u00eatre partag\u00e9s et produire un r\u00e9seau vivant pour la croissance de l\u2019\u00eatre.<\/p>\n\n<p>De m\u00eame, elle encourage le dialogue entre les diff\u00e9rentes \u00e9coles, les diff\u00e9rents points de vue, les courants et les approches religieuses et spirituelles, pour qu\u2019elles puissent nourrir les qu\u00eates de ceux qui \u00e9crivent et des lecteurs.<\/p>\n\n<p>A une \u00e9poque o\u00f9 la litt\u00e9rature sur les &#8220;chemins&#8221; est abondante, nous reconnaissons la valeur des efforts et des qu\u00eates de nombreuses personnes. Dans cet espace, nous voulons accueillir et animer ce d\u00e9bat sur les qu\u00eates \u00e0 partir d\u2019exp\u00e9riences directes qui cristallisent la connaissance, la conscience de l\u2019\u00eatre et animent le d\u00e9sir d\u2019\u00eatre. <\/p>\n\n<p>Les id\u00e9es, les enseignements et les exp\u00e9riences sont quelque chose de vivant qui marque profond\u00e9ment chaque personne ou groupes de chercheurs, et qui produit une influence r\u00e9elle sur le monde. Et ils peuvent nous conduire \u00e0 marcher dans l\u2019espoir de la conscience, qui est la force, et de la conscience de soi, qui est la porte de la libert\u00e9 de l\u2019\u00eatre.<\/p>\n\n<p>Nous vous invitons \u00e0 joindre ces tentatives de <strong><em>qu\u00eates<\/em><\/strong>.<\/p>\n\n<p>Gladys Jimeno<\/p>\n\n<p>Gabriela Su\u00e1rez<\/p>\n\n<p>Germ\u00e1nico Pinto<\/p>\n\n<p>David Pinto<\/p>\n<ol class=\"wp-block-footnotes\"><li id=\"2c12da8f-952e-4f93-b81b-7352f64c1a48\">Notes pr\u00e9sent\u00e9es et r\u00e9dig\u00e9es par Jean-Pierre Marville et Juan Mart\u00ednez. <em>Notes sur le travail int\u00e9rieur en question avec Michel de Salzmann. P. 73. La biblioth\u00e8que de l\u00b4homme rus\u00e9.   7. \u00c9ditions \u00c9olienneS, 2023. ISSN: 2257-9818. ISBN: 978-2-37672-060-7  <\/em> <a href=\"#2c12da8f-952e-4f93-b81b-7352f64c1a48-link\" aria-label=\"Aller \u00e0 la note de bas de page 1\">\u21a9\ufe0e<\/a><\/li><\/ol>","protected":false},"excerpt":{"rendered":"<p>Qu\u2019est-ce que la qu\u00eate ? Quelles sont les qu\u00eates ? Voici des questions qui cachent davantage beaucoup plus de questions au sujet de la vie, l\u2019humanit\u00e9, la terre, les peuples,&hellip;<\/p>\n","protected":false},"author":1,"featured_media":21723,"parent":0,"menu_order":0,"comment_status":"closed","ping_status":"closed","template":"","meta":{"footnotes":"[{\"content\":\"Notes pr\\u00e9sent\\u00e9es et r\\u00e9dig\\u00e9es par Jean-Pierre Marville et Juan Mart\\u00ednez. <em>Notes sur le travail int\\u00e9rieur en question avec Michel de Salzmann. P. 73. La biblioth\\u00e8que de l\\u00b4homme rus\\u00e9.   7. \\u00c9ditions \\u00c9olienneS, 2023. ISSN: 2257-9818. ISBN: 978-2-37672-060-7  <\\\/em>\",\"id\":\"2c12da8f-952e-4f93-b81b-7352f64c1a48\"}]"},"class_list":["post-21760","page","type-page","status-publish","has-post-thumbnail","hentry"],"yoast_head":"<!-- This site is optimized with the Yoast SEO plugin v27.6 - https:\/\/yoast.com\/product\/yoast-seo-wordpress\/ -->\n<title>\u00c0 propos &#8226; B\u00fasquedas<\/title>\n<meta name=\"robots\" content=\"index, follow, max-snippet:-1, max-image-preview:large, max-video-preview:-1\" \/>\n<link rel=\"canonical\" href=\"https:\/\/busquedas.org\/fr\/a-propos\/\" \/>\n<meta property=\"og:locale\" content=\"fr_FR\" \/>\n<meta property=\"og:type\" content=\"article\" \/>\n<meta property=\"og:title\" content=\"\u00c0 propos &#8226; B\u00fasquedas\" \/>\n<meta property=\"og:description\" content=\"Qu\u2019est-ce que la qu\u00eate ? Quelles sont les qu\u00eates ? Voici des questions qui cachent davantage beaucoup plus de questions au sujet de la vie, l\u2019humanit\u00e9, la terre, les peuples,&hellip;\" \/>\n<meta property=\"og:url\" content=\"https:\/\/busquedas.org\/fr\/a-propos\/\" \/>\n<meta property=\"og:site_name\" content=\"B\u00fasquedas\" \/>\n<meta property=\"article:publisher\" content=\"https:\/\/www.facebook.com\/busquedasorg\/\" \/>\n<meta property=\"article:modified_time\" content=\"2026-05-01T23:11:40+00:00\" \/>\n<meta property=\"og:image\" content=\"https:\/\/busquedas.org\/wp-content\/uploads\/2024\/05\/pexels-hasan-kurt-154798938-10749697-1.jpg\" \/>\n\t<meta property=\"og:image:width\" content=\"1600\" \/>\n\t<meta property=\"og:image:height\" content=\"1067\" \/>\n\t<meta property=\"og:image:type\" content=\"image\/jpeg\" \/>\n<meta name=\"twitter:card\" content=\"summary_large_image\" \/>\n<meta name=\"twitter:label1\" content=\"Dur\u00e9e de lecture estim\u00e9e\" \/>\n\t<meta name=\"twitter:data1\" content=\"4 minutes\" \/>\n<script type=\"application\/ld+json\" class=\"yoast-schema-graph\">{\"@context\":\"https:\\\/\\\/schema.org\",\"@graph\":[{\"@type\":\"WebPage\",\"@id\":\"https:\\\/\\\/busquedas.org\\\/fr\\\/a-propos\\\/\",\"url\":\"https:\\\/\\\/busquedas.org\\\/fr\\\/a-propos\\\/\",\"name\":\"\u00c0 propos &#8226; B\u00fasquedas\",\"isPartOf\":{\"@id\":\"https:\\\/\\\/busquedas.org\\\/fr\\\/#website\"},\"primaryImageOfPage\":{\"@id\":\"https:\\\/\\\/busquedas.org\\\/fr\\\/a-propos\\\/#primaryimage\"},\"image\":{\"@id\":\"https:\\\/\\\/busquedas.org\\\/fr\\\/a-propos\\\/#primaryimage\"},\"thumbnailUrl\":\"https:\\\/\\\/busquedas.org\\\/wp-content\\\/uploads\\\/2024\\\/05\\\/pexels-hasan-kurt-154798938-10749697-1.jpg\",\"datePublished\":\"2024-05-14T04:43:09+00:00\",\"dateModified\":\"2026-05-01T23:11:40+00:00\",\"breadcrumb\":{\"@id\":\"https:\\\/\\\/busquedas.org\\\/fr\\\/a-propos\\\/#breadcrumb\"},\"inLanguage\":\"fr-FR\",\"potentialAction\":[{\"@type\":\"ReadAction\",\"target\":[\"https:\\\/\\\/busquedas.org\\\/fr\\\/a-propos\\\/\"]}]},{\"@type\":\"ImageObject\",\"inLanguage\":\"fr-FR\",\"@id\":\"https:\\\/\\\/busquedas.org\\\/fr\\\/a-propos\\\/#primaryimage\",\"url\":\"https:\\\/\\\/busquedas.org\\\/wp-content\\\/uploads\\\/2024\\\/05\\\/pexels-hasan-kurt-154798938-10749697-1.jpg\",\"contentUrl\":\"https:\\\/\\\/busquedas.org\\\/wp-content\\\/uploads\\\/2024\\\/05\\\/pexels-hasan-kurt-154798938-10749697-1.jpg\",\"width\":1600,\"height\":1067},{\"@type\":\"BreadcrumbList\",\"@id\":\"https:\\\/\\\/busquedas.org\\\/fr\\\/a-propos\\\/#breadcrumb\",\"itemListElement\":[{\"@type\":\"ListItem\",\"position\":1,\"name\":\"Home\",\"item\":\"https:\\\/\\\/busquedas.org\\\/fr\\\/accueil\\\/\"},{\"@type\":\"ListItem\",\"position\":2,\"name\":\"\u00c0 propos\"}]},{\"@type\":\"WebSite\",\"@id\":\"https:\\\/\\\/busquedas.org\\\/fr\\\/#website\",\"url\":\"https:\\\/\\\/busquedas.org\\\/fr\\\/\",\"name\":\"B\u00fasquedas\",\"description\":\"Revista B\u00fasquedas\",\"publisher\":{\"@id\":\"https:\\\/\\\/busquedas.org\\\/fr\\\/#organization\"},\"potentialAction\":[{\"@type\":\"SearchAction\",\"target\":{\"@type\":\"EntryPoint\",\"urlTemplate\":\"https:\\\/\\\/busquedas.org\\\/fr\\\/?s={search_term_string}\"},\"query-input\":{\"@type\":\"PropertyValueSpecification\",\"valueRequired\":true,\"valueName\":\"search_term_string\"}}],\"inLanguage\":\"fr-FR\"},{\"@type\":\"Organization\",\"@id\":\"https:\\\/\\\/busquedas.org\\\/fr\\\/#organization\",\"name\":\"Revista B\u00fasquedas\",\"url\":\"https:\\\/\\\/busquedas.org\\\/fr\\\/\",\"logo\":{\"@type\":\"ImageObject\",\"inLanguage\":\"fr-FR\",\"@id\":\"https:\\\/\\\/busquedas.org\\\/fr\\\/#\\\/schema\\\/logo\\\/image\\\/\",\"url\":\"https:\\\/\\\/busquedas.org\\\/wp-content\\\/uploads\\\/2024\\\/05\\\/Logo-busquedas-negro.png\",\"contentUrl\":\"https:\\\/\\\/busquedas.org\\\/wp-content\\\/uploads\\\/2024\\\/05\\\/Logo-busquedas-negro.png\",\"width\":230,\"height\":80,\"caption\":\"Revista B\u00fasquedas\"},\"image\":{\"@id\":\"https:\\\/\\\/busquedas.org\\\/fr\\\/#\\\/schema\\\/logo\\\/image\\\/\"},\"sameAs\":[\"https:\\\/\\\/www.facebook.com\\\/busquedasorg\\\/\",\"https:\\\/\\\/www.instagram.com\\\/busquedas_org\\\/\",\"https:\\\/\\\/www.youtube.com\\\/@busquedas_org\"]}]}<\/script>\n<!-- \/ Yoast SEO plugin. -->","yoast_head_json":{"title":"\u00c0 propos &#8226; B\u00fasquedas","robots":{"index":"index","follow":"follow","max-snippet":"max-snippet:-1","max-image-preview":"max-image-preview:large","max-video-preview":"max-video-preview:-1"},"canonical":"https:\/\/busquedas.org\/fr\/a-propos\/","og_locale":"fr_FR","og_type":"article","og_title":"\u00c0 propos &#8226; B\u00fasquedas","og_description":"Qu\u2019est-ce que la qu\u00eate ? Quelles sont les qu\u00eates ? Voici des questions qui cachent davantage beaucoup plus de questions au sujet de la vie, l\u2019humanit\u00e9, la terre, les peuples,&hellip;","og_url":"https:\/\/busquedas.org\/fr\/a-propos\/","og_site_name":"B\u00fasquedas","article_publisher":"https:\/\/www.facebook.com\/busquedasorg\/","article_modified_time":"2026-05-01T23:11:40+00:00","og_image":[{"width":1600,"height":1067,"url":"https:\/\/busquedas.org\/wp-content\/uploads\/2024\/05\/pexels-hasan-kurt-154798938-10749697-1.jpg","type":"image\/jpeg"}],"twitter_card":"summary_large_image","twitter_misc":{"Dur\u00e9e de lecture estim\u00e9e":"4 minutes"},"schema":{"@context":"https:\/\/schema.org","@graph":[{"@type":"WebPage","@id":"https:\/\/busquedas.org\/fr\/a-propos\/","url":"https:\/\/busquedas.org\/fr\/a-propos\/","name":"\u00c0 propos &#8226; B\u00fasquedas","isPartOf":{"@id":"https:\/\/busquedas.org\/fr\/#website"},"primaryImageOfPage":{"@id":"https:\/\/busquedas.org\/fr\/a-propos\/#primaryimage"},"image":{"@id":"https:\/\/busquedas.org\/fr\/a-propos\/#primaryimage"},"thumbnailUrl":"https:\/\/busquedas.org\/wp-content\/uploads\/2024\/05\/pexels-hasan-kurt-154798938-10749697-1.jpg","datePublished":"2024-05-14T04:43:09+00:00","dateModified":"2026-05-01T23:11:40+00:00","breadcrumb":{"@id":"https:\/\/busquedas.org\/fr\/a-propos\/#breadcrumb"},"inLanguage":"fr-FR","potentialAction":[{"@type":"ReadAction","target":["https:\/\/busquedas.org\/fr\/a-propos\/"]}]},{"@type":"ImageObject","inLanguage":"fr-FR","@id":"https:\/\/busquedas.org\/fr\/a-propos\/#primaryimage","url":"https:\/\/busquedas.org\/wp-content\/uploads\/2024\/05\/pexels-hasan-kurt-154798938-10749697-1.jpg","contentUrl":"https:\/\/busquedas.org\/wp-content\/uploads\/2024\/05\/pexels-hasan-kurt-154798938-10749697-1.jpg","width":1600,"height":1067},{"@type":"BreadcrumbList","@id":"https:\/\/busquedas.org\/fr\/a-propos\/#breadcrumb","itemListElement":[{"@type":"ListItem","position":1,"name":"Home","item":"https:\/\/busquedas.org\/fr\/accueil\/"},{"@type":"ListItem","position":2,"name":"\u00c0 propos"}]},{"@type":"WebSite","@id":"https:\/\/busquedas.org\/fr\/#website","url":"https:\/\/busquedas.org\/fr\/","name":"B\u00fasquedas","description":"Revista B\u00fasquedas","publisher":{"@id":"https:\/\/busquedas.org\/fr\/#organization"},"potentialAction":[{"@type":"SearchAction","target":{"@type":"EntryPoint","urlTemplate":"https:\/\/busquedas.org\/fr\/?s={search_term_string}"},"query-input":{"@type":"PropertyValueSpecification","valueRequired":true,"valueName":"search_term_string"}}],"inLanguage":"fr-FR"},{"@type":"Organization","@id":"https:\/\/busquedas.org\/fr\/#organization","name":"Revista B\u00fasquedas","url":"https:\/\/busquedas.org\/fr\/","logo":{"@type":"ImageObject","inLanguage":"fr-FR","@id":"https:\/\/busquedas.org\/fr\/#\/schema\/logo\/image\/","url":"https:\/\/busquedas.org\/wp-content\/uploads\/2024\/05\/Logo-busquedas-negro.png","contentUrl":"https:\/\/busquedas.org\/wp-content\/uploads\/2024\/05\/Logo-busquedas-negro.png","width":230,"height":80,"caption":"Revista B\u00fasquedas"},"image":{"@id":"https:\/\/busquedas.org\/fr\/#\/schema\/logo\/image\/"},"sameAs":["https:\/\/www.facebook.com\/busquedasorg\/","https:\/\/www.instagram.com\/busquedas_org\/","https:\/\/www.youtube.com\/@busquedas_org"]}]}},"_links":{"self":[{"href":"https:\/\/busquedas.org\/fr\/wp-json\/wp\/v2\/pages\/21760","targetHints":{"allow":["GET"]}}],"collection":[{"href":"https:\/\/busquedas.org\/fr\/wp-json\/wp\/v2\/pages"}],"about":[{"href":"https:\/\/busquedas.org\/fr\/wp-json\/wp\/v2\/types\/page"}],"author":[{"embeddable":true,"href":"https:\/\/busquedas.org\/fr\/wp-json\/wp\/v2\/users\/1"}],"replies":[{"embeddable":true,"href":"https:\/\/busquedas.org\/fr\/wp-json\/wp\/v2\/comments?post=21760"}],"version-history":[{"count":6,"href":"https:\/\/busquedas.org\/fr\/wp-json\/wp\/v2\/pages\/21760\/revisions"}],"predecessor-version":[{"id":22503,"href":"https:\/\/busquedas.org\/fr\/wp-json\/wp\/v2\/pages\/21760\/revisions\/22503"}],"wp:featuredmedia":[{"embeddable":true,"href":"https:\/\/busquedas.org\/fr\/wp-json\/wp\/v2\/media\/21723"}],"wp:attachment":[{"href":"https:\/\/busquedas.org\/fr\/wp-json\/wp\/v2\/media?parent=21760"}],"curies":[{"name":"wp","href":"https:\/\/api.w.org\/{rel}","templated":true}]}}