{"id":21958,"date":"2024-06-19T00:23:15","date_gmt":"2024-06-19T00:23:15","guid":{"rendered":"https:\/\/busquedas.org\/acuerdo-de-licencia\/"},"modified":"2024-07-12T05:11:40","modified_gmt":"2024-07-12T05:11:40","slug":"acuerdo-de-licencia","status":"publish","type":"page","link":"https:\/\/busquedas.org\/fr\/acuerdo-de-licencia\/","title":{"rendered":"Accord de licence"},"content":{"rendered":"\n<div style=\"height:50px\" aria-hidden=\"true\" class=\"wp-block-spacer\"><\/div>\n\n\n\n<h1 class=\"wp-block-heading has-x-large-font-size\"><strong><strong>Accord de licence<\/strong><\/strong><\/h1>\n\n\n\n<p>En soumettant un article \u00e0 &#8220;busquedas.org&#8221;, je certifie que :<\/p>\n\n\n\n<ol class=\"wp-block-list\">\n<li>Je suis autoris\u00e9 par mes co-auteurs, s&#8217;il en existe, \u00e0 conclure cet accord.<\/li>\n<\/ol>\n\n\n\n<ol class=\"wp-block-list\" start=\"2\">\n<li>Je garantis, en mon nom et au nom de mes co-auteurs, que :\n<ul class=\"wp-block-list\">\n<li>l&#8217;article ne viole aucun droit d&#8217;auteur existant ou autre droit de tiers ;<\/li>\n\n\n\n<li>je suis\/nous sommes le\/les seul(s) auteur(s) de l&#8217;article et j&#8217;ai\/nous avons pleine autorit\u00e9 pour conclure cet accord et en conc\u00e9dant des droits \u00e0 &#8220;busquedas.org&#8221;, je ne viole\/nous ne violons aucune autre obligation ;<\/li>\n\n\n\n<li>l&#8217;article ne contient rien qui soit ill\u00e9gal, diffamatoire ou qui, s&#8217;il \u00e9tait publi\u00e9, constituerait une violation de contrat, de confiance ou de secret ;<\/li>\n\n\n\n<li>j&#8217;ai\/nous avons pris le soin n\u00e9cessaire pour garantir l&#8217;int\u00e9grit\u00e9 de l&#8217;article. \u00c0 ma\/notre connaissance, toutes les d\u00e9clarations qu&#8217;il contient et qui pr\u00e9tendent \u00eatre des faits sont vraies et toute formule ou instruction contenue dans l&#8217;article, si elle est suivie avec pr\u00e9cision, ne causera aucun dommage, blessure ou maladie \u00e0 l&#8217;utilisateur.<br><\/li>\n<\/ul>\n<\/li>\n<\/ol>\n\n\n\n<ol class=\"wp-block-list\" start=\"3\">\n<li>Moi, et tous les co-auteurs, convenons que l&#8217;article, s&#8217;il est accept\u00e9 pour publication \u00e9ditoriale par &#8220;busquedas.org&#8221;, sera sous licence<a href=\"https:\/\/creativecommons.org\/licenses\/by-nc-sa\/4.0\/\"> <\/a><a href=\"https:\/\/creativecommons.org\/licenses\/by-nc-sa\/4.0\/\" target=\"_blank\" rel=\"noreferrer noopener\">CC BY-NC-SA 4.0, ATTRIBUTION &#8211; PAS D\u2019UTILISATION COMMERCIALE &#8211; PARTAGE DANS LES M\u00caMES CONDITIONS 4.0 <\/a><a href=\"https:\/\/creativecommons.org\/licenses\/by-nc-sa\/4.0\/\">INTERNATIONAL.<\/a>\n<ul class=\"wp-block-list\">\n<li>Vous \u00eates autoris\u00e9 \u00e0 :\n<ul class=\"wp-block-list\">\n<li><strong>Partager\u00a0<\/strong>\u2014 copier, distribuer et communiquer le mat\u00e9riel par tous moyens et sous tous formats<\/li>\n\n\n\n<li><strong>Adapter\u00a0<\/strong>\u2014 remixer, transformer et cr\u00e9er \u00e0 partir du mat\u00e9riel<\/li>\n\n\n\n<li>L&#8217;Offrant ne peut retirer les autorisations conc\u00e9d\u00e9es par la licence tant que vous appliquez les termes de cette licence.<\/li>\n<\/ul>\n<\/li>\n\n\n\n<li>Selon les conditions suivantes :\n<ul class=\"wp-block-list\">\n<li><strong>Attribution\u00a0<\/strong>\u2014 Vous devez\u00a0<a href=\"https:\/\/creativecommons.org\/licenses\/by-nc-sa\/4.0\/deed.fr#ref-appropriate-credit\">cr\u00e9diter\u00a0<\/a>l&#8217;\u0152uvre, int\u00e9grer un lien vers la licence et\u00a0<a href=\"https:\/\/creativecommons.org\/licenses\/by-nc-sa\/4.0\/deed.fr#ref-indicate-changes\">indiquer\u00a0<\/a>si des modifications ont \u00e9t\u00e9 effectu\u00e9es \u00e0 l&#8217;Oeuvre. Vous devez indiquer ces informations par tous les moyens raisonnables, sans toutefois sugg\u00e9rer que l&#8217;Offrant vous soutient ou soutient la fa\u00e7on dont vous avez utilis\u00e9 son Oeuvre.<\/li>\n\n\n\n<li><strong>Pas d\u2019Utilisation Commerciale\u00a0<\/strong>\u2014 Vous n&#8217;\u00eates pas autoris\u00e9 \u00e0 faire un usage commercial de cette Oeuvre, tout ou partie du mat\u00e9riel la composant.<\/li>\n\n\n\n<li><strong>Partage dans les M\u00eames Conditions\u00a0<\/strong>\u2014 Dans le cas o\u00f9 vous effectuez un remix, que vous transformez, ou cr\u00e9ez \u00e0 partir du mat\u00e9riel composant l&#8217;Oeuvre originale, vous devez diffuser l&#8217;Oeuvre modifi\u00e9e dans les m\u00eame conditions, c&#8217;est \u00e0 dire avec\u00a0<a href=\"https:\/\/creativecommons.org\/licenses\/by-nc-sa\/4.0\/deed.fr#ref-same-license\">la m\u00eame licence\u00a0<\/a>avec laquelle l&#8217;Oeuvre originale a \u00e9t\u00e9 diffus\u00e9e.<\/li>\n\n\n\n<li><strong>Pas de restrictions compl\u00e9mentaires\u00a0<\/strong>\u2014 Vous n&#8217;\u00eates pas autoris\u00e9 \u00e0 appliquer des conditions l\u00e9gales ou des\u00a0<a href=\"https:\/\/creativecommons.org\/licenses\/by-nc-sa\/4.0\/deed.fr#ref-technological-measures\">mesures techniques\u00a0<\/a>qui restreindraient l\u00e9galement autrui \u00e0 utiliser l&#8217;Oeuvre dans les conditions d\u00e9crites par la licence.<br><\/li>\n<\/ul>\n<\/li>\n<\/ul>\n<\/li>\n\n\n\n<li>Moi, et tous les co-auteurs, convenons que, si l&#8217;article est accept\u00e9 pour publication \u00e9ditoriale, les donn\u00e9es incluses dans l&#8217;article seront disponibles sous la renonciation<a href=\"https:\/\/creativecommons.org\/licenses\/by-nc-sa\/4.0\/\" target=\"_blank\" rel=\"noreferrer noopener\"> CC BY-NC-SA 4.0, ATTRIBUTION &#8211; PAS D\u2019UTILISATION COMMERCIALE &#8211; PARTAGE DANS LES M\u00caMES CONDITIONS 4.0 INTERNATIONAL<\/a> au domaine public, sauf indication contraire. Il est entendu que les sections 1, 2 et 3 de cet accord de licence s&#8217;appliquent et pr\u00e9valent.<\/li>\n<\/ol>\n","protected":false},"excerpt":{"rendered":"<p>Accord de licence En soumettant un article \u00e0 &#8220;busquedas.org&#8221;, je certifie que :<\/p>\n","protected":false},"author":2,"featured_media":0,"parent":0,"menu_order":0,"comment_status":"closed","ping_status":"closed","template":"","meta":{"footnotes":""},"class_list":["post-21958","page","type-page","status-publish","hentry"],"yoast_head":"<!-- This site is optimized with the Yoast SEO plugin v27.6 - https:\/\/yoast.com\/product\/yoast-seo-wordpress\/ -->\n<title>Accord de licence &#8226; B\u00fasquedas<\/title>\n<meta name=\"robots\" content=\"noindex, nofollow\" \/>\n<meta property=\"og:locale\" content=\"fr_FR\" \/>\n<meta property=\"og:type\" content=\"article\" \/>\n<meta property=\"og:title\" content=\"Accord de licence &#8226; B\u00fasquedas\" \/>\n<meta property=\"og:description\" content=\"Accord de licence En soumettant un article \u00e0 &#8220;busquedas.org&#8221;, je certifie que :\" \/>\n<meta property=\"og:url\" content=\"https:\/\/busquedas.org\/fr\/acuerdo-de-licencia\/\" \/>\n<meta property=\"og:site_name\" content=\"B\u00fasquedas\" \/>\n<meta property=\"article:publisher\" content=\"https:\/\/www.facebook.com\/busquedasorg\/\" \/>\n<meta property=\"article:modified_time\" content=\"2024-07-12T05:11:40+00:00\" \/>\n<meta property=\"og:image\" content=\"https:\/\/busquedas.org\/wp-content\/uploads\/2026\/04\/Imagen-SEO_p.jpg\" \/>\n\t<meta property=\"og:image:width\" content=\"1200\" \/>\n\t<meta property=\"og:image:height\" content=\"675\" \/>\n\t<meta property=\"og:image:type\" content=\"image\/jpeg\" \/>\n<meta name=\"twitter:card\" content=\"summary_large_image\" \/>\n<meta name=\"twitter:label1\" content=\"Dur\u00e9e de lecture estim\u00e9e\" \/>\n\t<meta name=\"twitter:data1\" content=\"3 minutes\" \/>\n<script type=\"application\/ld+json\" class=\"yoast-schema-graph\">{\"@context\":\"https:\\\/\\\/schema.org\",\"@graph\":[{\"@type\":\"WebPage\",\"@id\":\"https:\\\/\\\/busquedas.org\\\/fr\\\/acuerdo-de-licencia\\\/\",\"url\":\"https:\\\/\\\/busquedas.org\\\/fr\\\/acuerdo-de-licencia\\\/\",\"name\":\"Accord de licence &#8226; B\u00fasquedas\",\"isPartOf\":{\"@id\":\"https:\\\/\\\/busquedas.org\\\/fr\\\/#website\"},\"datePublished\":\"2024-06-19T00:23:15+00:00\",\"dateModified\":\"2024-07-12T05:11:40+00:00\",\"breadcrumb\":{\"@id\":\"https:\\\/\\\/busquedas.org\\\/fr\\\/acuerdo-de-licencia\\\/#breadcrumb\"},\"inLanguage\":\"fr-FR\",\"potentialAction\":[{\"@type\":\"ReadAction\",\"target\":[\"https:\\\/\\\/busquedas.org\\\/fr\\\/acuerdo-de-licencia\\\/\"]}]},{\"@type\":\"BreadcrumbList\",\"@id\":\"https:\\\/\\\/busquedas.org\\\/fr\\\/acuerdo-de-licencia\\\/#breadcrumb\",\"itemListElement\":[{\"@type\":\"ListItem\",\"position\":1,\"name\":\"Home\",\"item\":\"https:\\\/\\\/busquedas.org\\\/fr\\\/accueil\\\/\"},{\"@type\":\"ListItem\",\"position\":2,\"name\":\"Accord de licence\"}]},{\"@type\":\"WebSite\",\"@id\":\"https:\\\/\\\/busquedas.org\\\/fr\\\/#website\",\"url\":\"https:\\\/\\\/busquedas.org\\\/fr\\\/\",\"name\":\"B\u00fasquedas\",\"description\":\"Revista B\u00fasquedas\",\"publisher\":{\"@id\":\"https:\\\/\\\/busquedas.org\\\/fr\\\/#organization\"},\"potentialAction\":[{\"@type\":\"SearchAction\",\"target\":{\"@type\":\"EntryPoint\",\"urlTemplate\":\"https:\\\/\\\/busquedas.org\\\/fr\\\/?s={search_term_string}\"},\"query-input\":{\"@type\":\"PropertyValueSpecification\",\"valueRequired\":true,\"valueName\":\"search_term_string\"}}],\"inLanguage\":\"fr-FR\"},{\"@type\":\"Organization\",\"@id\":\"https:\\\/\\\/busquedas.org\\\/fr\\\/#organization\",\"name\":\"Revista B\u00fasquedas\",\"url\":\"https:\\\/\\\/busquedas.org\\\/fr\\\/\",\"logo\":{\"@type\":\"ImageObject\",\"inLanguage\":\"fr-FR\",\"@id\":\"https:\\\/\\\/busquedas.org\\\/fr\\\/#\\\/schema\\\/logo\\\/image\\\/\",\"url\":\"https:\\\/\\\/busquedas.org\\\/wp-content\\\/uploads\\\/2024\\\/05\\\/Logo-busquedas-negro.png\",\"contentUrl\":\"https:\\\/\\\/busquedas.org\\\/wp-content\\\/uploads\\\/2024\\\/05\\\/Logo-busquedas-negro.png\",\"width\":230,\"height\":80,\"caption\":\"Revista B\u00fasquedas\"},\"image\":{\"@id\":\"https:\\\/\\\/busquedas.org\\\/fr\\\/#\\\/schema\\\/logo\\\/image\\\/\"},\"sameAs\":[\"https:\\\/\\\/www.facebook.com\\\/busquedasorg\\\/\",\"https:\\\/\\\/www.instagram.com\\\/busquedas_org\\\/\",\"https:\\\/\\\/www.youtube.com\\\/@busquedas_org\"]}]}<\/script>\n<!-- \/ Yoast SEO plugin. -->","yoast_head_json":{"title":"Accord de licence &#8226; B\u00fasquedas","robots":{"index":"noindex","follow":"nofollow"},"og_locale":"fr_FR","og_type":"article","og_title":"Accord de licence &#8226; B\u00fasquedas","og_description":"Accord de licence En soumettant un article \u00e0 &#8220;busquedas.org&#8221;, je certifie que :","og_url":"https:\/\/busquedas.org\/fr\/acuerdo-de-licencia\/","og_site_name":"B\u00fasquedas","article_publisher":"https:\/\/www.facebook.com\/busquedasorg\/","article_modified_time":"2024-07-12T05:11:40+00:00","og_image":[{"width":1200,"height":675,"url":"https:\/\/busquedas.org\/wp-content\/uploads\/2026\/04\/Imagen-SEO_p.jpg","type":"image\/jpeg"}],"twitter_card":"summary_large_image","twitter_misc":{"Dur\u00e9e de lecture estim\u00e9e":"3 minutes"},"schema":{"@context":"https:\/\/schema.org","@graph":[{"@type":"WebPage","@id":"https:\/\/busquedas.org\/fr\/acuerdo-de-licencia\/","url":"https:\/\/busquedas.org\/fr\/acuerdo-de-licencia\/","name":"Accord de licence &#8226; B\u00fasquedas","isPartOf":{"@id":"https:\/\/busquedas.org\/fr\/#website"},"datePublished":"2024-06-19T00:23:15+00:00","dateModified":"2024-07-12T05:11:40+00:00","breadcrumb":{"@id":"https:\/\/busquedas.org\/fr\/acuerdo-de-licencia\/#breadcrumb"},"inLanguage":"fr-FR","potentialAction":[{"@type":"ReadAction","target":["https:\/\/busquedas.org\/fr\/acuerdo-de-licencia\/"]}]},{"@type":"BreadcrumbList","@id":"https:\/\/busquedas.org\/fr\/acuerdo-de-licencia\/#breadcrumb","itemListElement":[{"@type":"ListItem","position":1,"name":"Home","item":"https:\/\/busquedas.org\/fr\/accueil\/"},{"@type":"ListItem","position":2,"name":"Accord de licence"}]},{"@type":"WebSite","@id":"https:\/\/busquedas.org\/fr\/#website","url":"https:\/\/busquedas.org\/fr\/","name":"B\u00fasquedas","description":"Revista B\u00fasquedas","publisher":{"@id":"https:\/\/busquedas.org\/fr\/#organization"},"potentialAction":[{"@type":"SearchAction","target":{"@type":"EntryPoint","urlTemplate":"https:\/\/busquedas.org\/fr\/?s={search_term_string}"},"query-input":{"@type":"PropertyValueSpecification","valueRequired":true,"valueName":"search_term_string"}}],"inLanguage":"fr-FR"},{"@type":"Organization","@id":"https:\/\/busquedas.org\/fr\/#organization","name":"Revista B\u00fasquedas","url":"https:\/\/busquedas.org\/fr\/","logo":{"@type":"ImageObject","inLanguage":"fr-FR","@id":"https:\/\/busquedas.org\/fr\/#\/schema\/logo\/image\/","url":"https:\/\/busquedas.org\/wp-content\/uploads\/2024\/05\/Logo-busquedas-negro.png","contentUrl":"https:\/\/busquedas.org\/wp-content\/uploads\/2024\/05\/Logo-busquedas-negro.png","width":230,"height":80,"caption":"Revista B\u00fasquedas"},"image":{"@id":"https:\/\/busquedas.org\/fr\/#\/schema\/logo\/image\/"},"sameAs":["https:\/\/www.facebook.com\/busquedasorg\/","https:\/\/www.instagram.com\/busquedas_org\/","https:\/\/www.youtube.com\/@busquedas_org"]}]}},"_links":{"self":[{"href":"https:\/\/busquedas.org\/fr\/wp-json\/wp\/v2\/pages\/21958","targetHints":{"allow":["GET"]}}],"collection":[{"href":"https:\/\/busquedas.org\/fr\/wp-json\/wp\/v2\/pages"}],"about":[{"href":"https:\/\/busquedas.org\/fr\/wp-json\/wp\/v2\/types\/page"}],"author":[{"embeddable":true,"href":"https:\/\/busquedas.org\/fr\/wp-json\/wp\/v2\/users\/2"}],"replies":[{"embeddable":true,"href":"https:\/\/busquedas.org\/fr\/wp-json\/wp\/v2\/comments?post=21958"}],"version-history":[{"count":2,"href":"https:\/\/busquedas.org\/fr\/wp-json\/wp\/v2\/pages\/21958\/revisions"}],"predecessor-version":[{"id":21965,"href":"https:\/\/busquedas.org\/fr\/wp-json\/wp\/v2\/pages\/21958\/revisions\/21965"}],"wp:attachment":[{"href":"https:\/\/busquedas.org\/fr\/wp-json\/wp\/v2\/media?parent=21958"}],"curies":[{"name":"wp","href":"https:\/\/api.w.org\/{rel}","templated":true}]}}