{"id":21988,"date":"2024-06-19T00:20:33","date_gmt":"2024-06-19T00:20:33","guid":{"rendered":"https:\/\/busquedas.org\/politica-de-privacidad\/"},"modified":"2024-07-12T05:32:17","modified_gmt":"2024-07-12T05:32:17","slug":"politica-de-privacidad","status":"publish","type":"page","link":"https:\/\/busquedas.org\/fr\/politica-de-privacidad\/","title":{"rendered":"POLITIQUE DE CONFIDENTIALIT\u00c9"},"content":{"rendered":"\n<div style=\"height:50px\" aria-hidden=\"true\" class=\"wp-block-spacer\"><\/div>\n\n\n\n<h1 class=\"wp-block-heading has-normal-font-size has-x-large-font-size\"><strong>POLITIQUE DE CONFIDENTIALIT\u00c9<\/strong><\/h1>\n\n\n\n<p><strong>1. INFORMATIONS FOURNIES \u00c0 L&#8217;UTILISATEUR<\/strong><\/p>\n\n\n\n<p>Revista B\u00fasquedas, en tant que Responsable du traitement, vous informe qu&#8217;en application du R\u00e8glement (UE) 2016\/679 du 27 avril (RGPD) et de la loi organique 3\/2018 du 5 d\u00e9cembre relative \u00e0 la protection des donn\u00e9es et \u00e0 la garantie des droits num\u00e9riques (LOPDGDD), nous traiterons vos donn\u00e9es conform\u00e9ment aux dispositions de la pr\u00e9sente politique de confidentialit\u00e9.<\/p>\n\n\n\n<p>Dans cette politique de confidentialit\u00e9, nous expliquons comment nous recueillons vos donn\u00e9es personnelles et pourquoi nous les recueillons, ce que nous en faisons, avec qui nous les partageons, comment nous les prot\u00e9geons et vos options en mati\u00e8re de traitement de vos donn\u00e9es personnelles.<\/p>\n\n\n\n<p>Cette politique s&#8217;applique au traitement de vos donn\u00e9es personnelles collect\u00e9es par la soci\u00e9t\u00e9 pour la fourniture de ses services. Si vous acceptez les conditions de cette politique, vous acceptez que nous traitions vos donn\u00e9es personnelles comme indiqu\u00e9 dans cette politique.<\/p>\n\n\n\n<p><\/p>\n\n\n\n<h2 class=\"wp-block-heading\"><strong>2. PRINCIPES CL\u00c9S<\/strong><\/h2>\n\n\n\n<p>Nous nous sommes toujours engag\u00e9s \u00e0 fournir nos services avec le plus haut niveau de qualit\u00e9, ce qui inclut le traitement de vos donn\u00e9es en toute s\u00e9curit\u00e9 et transparence. Nos principes sont les suivants :<\/p>\n\n\n\n<p><strong>L\u00e9galit\u00e9:<\/strong> Nous ne recueillerons vos donn\u00e9es personnelles qu&#8217;\u00e0 des fins sp\u00e9cifiques, explicites et l\u00e9gitimes.<\/p>\n\n\n\n<p><strong>Minimisation des donn\u00e9es:<\/strong> Nous limitons la collecte de donn\u00e9es personnelles \u00e0 ce qui est strictement pertinent et n\u00e9cessaire aux fins pour lesquelles elles ont \u00e9t\u00e9 collect\u00e9es.<\/p>\n\n\n\n<p><strong>Limitation de la finalit\u00e9:<\/strong> Nous ne collecterons vos donn\u00e9es personnelles que pour les finalit\u00e9s d\u00e9clar\u00e9es et uniquement selon vos souhaits.<\/p>\n\n\n\n<p><strong>Exactitude:<\/strong> Nous veillerons \u00e0 ce que vos donn\u00e9es personnelles soient exactes et \u00e0 jour.<\/p>\n\n\n\n<p><strong>S\u00e9curit\u00e9 des donn\u00e9es:<\/strong> Nous mettons en \u0153uvre les mesures techniques et organisationnelles appropri\u00e9es et proportionn\u00e9es aux risques afin de garantir que vos donn\u00e9es ne subissent aucun dommage, tel que la divulgation ou l&#8217;acc\u00e8s non autoris\u00e9, la destruction accidentelle ou ill\u00e9gale ou leur perte ou alt\u00e9ration accidentelle et toute autre forme de traitement ill\u00e9gal.<\/p>\n\n\n\n<p><strong>Acc\u00e8s et rectification:<\/strong> Nous mettons \u00e0 votre disposition les moyens d&#8217;acc\u00e9der \u00e0 vos donn\u00e9es ou de les rectifier lorsque vous le jugez opportun.<\/p>\n\n\n\n<p><strong>Conservation:<\/strong> Nous conservons vos donn\u00e9es personnelles de mani\u00e8re l\u00e9gale et appropri\u00e9e et uniquement pendant le temps n\u00e9cessaire aux fins pour lesquelles elles ont \u00e9t\u00e9 collect\u00e9es.<\/p>\n\n\n\n<p><strong>Transferts internationaux:<\/strong> Lorsque vos donn\u00e9es sont susceptibles d&#8217;\u00eatre transf\u00e9r\u00e9es en dehors de l&#8217;UE\/EEE, elles seront prot\u00e9g\u00e9es de mani\u00e8re ad\u00e9quate.<\/p>\n\n\n\n<p><strong>Tiers:<\/strong> L&#8217;acc\u00e8s et le transfert de donn\u00e9es personnelles \u00e0 des tiers s&#8217;effectuent conform\u00e9ment aux lois et r\u00e8glements applicables et avec les garanties contractuelles appropri\u00e9es.<\/p>\n\n\n\n<p><strong>Marketing direct et cookies:<\/strong> Nous respectons la l\u00e9gislation applicable en mati\u00e8re de publicit\u00e9 et de cookies.<\/p>\n\n\n\n<p>Veuillez noter que la traduction ci-dessus est une traduction exacte du texte original fourni.<\/p>\n\n\n\n<p><\/p>\n\n\n\n<h2 class=\"wp-block-heading\"><strong>3. COLLECTE ET TRAITEMENT DE VOS DONN\u00c9ES PERSONNELLES<\/strong><\/h2>\n\n\n\n<p>Les types de donn\u00e9es pouvant \u00eatre demand\u00e9s et trait\u00e9s sont les suivants :<\/p>\n\n\n\n<ul class=\"wp-block-list\">\n<li>Donn\u00e9es d&#8217;identification.<\/li>\n\n\n\n<li>Nous recueillons \u00e9galement automatiquement des donn\u00e9es sur votre visite sur notre site web, comme d\u00e9crit dans la politique relative aux cookies.<\/li>\n<\/ul>\n\n\n\n<p>Chaque fois que nous vous demandons vos donn\u00e9es personnelles, nous vous informerons clairement des donn\u00e9es personnelles que nous recueillons et de la finalit\u00e9 de cette collecte.<\/p>\n\n\n\n<p>En g\u00e9n\u00e9ral, nous recueillons et traitons vos donn\u00e9es personnelles aux fins suivantes :<\/p>\n\n\n\n<ul class=\"wp-block-list\">\n<li>Fournir des informations, des services, des produits, des informations pertinentes et des nouvelles du secteur.<\/li>\n\n\n\n<li>Envoi de communications.<br><\/li>\n<\/ul>\n\n\n\n<h2 class=\"wp-block-heading\"><strong>4. L\u00c9GITIMIT\u00c9<\/strong><\/h2>\n\n\n\n<p>Conform\u00e9ment \u00e0 la r\u00e9glementation sur la protection des donn\u00e9es applicable, vos donn\u00e9es personnelles peuvent \u00eatre trait\u00e9es si :<\/p>\n\n\n\n<p>Vous nous avez donn\u00e9 votre consentement pour le traitement. Vous pouvez bien entendu retirer votre consentement \u00e0 tout moment.<\/p>\n\n\n\n<p>En application d&#8217;une obligation l\u00e9gale.<\/p>\n\n\n\n<p>S&#8217;il existe un int\u00e9r\u00eat l\u00e9gitime qui n&#8217;est pas contraire \u00e0 vos droits \u00e0 la vie priv\u00e9e, comme par exemple l&#8217;envoi d&#8217;informations commerciales soit par abonnement \u00e0 notre newsletter soit en raison de votre qualit\u00e9 de client.<\/p>\n\n\n\n<p>Lorsque cela est n\u00e9cessaire pour la fourniture de l&#8217;un de nos services dans le cadre d&#8217;une relation contractuelle entre vous et nous.<\/p>\n\n\n\n<p>Veuillez noter que la traduction ci-dessus est une traduction exacte du texte original fourni.<\/p>\n\n\n\n<p><\/p>\n\n\n\n<h2 class=\"wp-block-heading\"><strong>5. COMMUNICATION DES DONN\u00c9ES PERSONNELLES<\/strong><\/h2>\n\n\n\n<p>Les donn\u00e9es peuvent \u00eatre communiqu\u00e9es \u00e0 des entreprises li\u00e9es \u00e0 Revista B\u00fasquedas pour la fourniture de divers services en tant que Sous-traitants. La soci\u00e9t\u00e9 ne proc\u00e9dera \u00e0 aucune cession, sauf en cas d&#8217;obligation l\u00e9gale.<\/p>\n\n\n\n<p><\/p>\n\n\n\n<h2 class=\"wp-block-heading\"><strong>6. VOS DROITS<\/strong><\/h2>\n\n\n\n<p>En ce qui concerne la collecte et le traitement de vos donn\u00e9es personnelles, vous pouvez nous contacter \u00e0 tout moment pour :<\/p>\n\n\n\n<ul class=\"wp-block-list\">\n<li>Acc\u00e9der \u00e0 vos donn\u00e9es personnelles et \u00e0 toute autre information mentionn\u00e9e \u00e0 l&#8217;article 15.1 du RGPD.<\/li>\n\n\n\n<li>Rectifier vos donn\u00e9es personnelles inexactes ou incompl\u00e8tes conform\u00e9ment \u00e0 l&#8217;article 16 du RGPD.<\/li>\n\n\n\n<li>Supprimer vos donn\u00e9es personnelles conform\u00e9ment \u00e0 l&#8217;article 17 du RGPD.<\/li>\n\n\n\n<li>Limiter le traitement de vos donn\u00e9es personnelles conform\u00e9ment \u00e0 l&#8217;article 18 du RGPD.<\/li>\n\n\n\n<li>Demander la portabilit\u00e9 de vos donn\u00e9es conform\u00e9ment \u00e0 l&#8217;article 20 du RGPD.<\/li>\n\n\n\n<li>Vous opposer au traitement de vos donn\u00e9es personnelles conform\u00e9ment \u00e0 l&#8217;article 21 du RGPD.<\/li>\n<\/ul>\n\n\n\n<p>Si vous avez donn\u00e9 votre consentement pour une finalit\u00e9 particuli\u00e8re, vous avez le droit de retirer votre consentement \u00e0 tout moment, sans que cela n&#8217;affecte la lic\u00e9it\u00e9 du traitement fond\u00e9 sur le consentement pr\u00e9alable \u00e0 son retrait.<\/p>\n\n\n\n<p>Vous pouvez exercer ces droits en envoyant une communication motiv\u00e9e et justifi\u00e9e \u00e0 <a href=\"mailto:busquedasrevista@gmail.com\">busquedasrevista@gmail.com<\/a>.<\/p>\n\n\n\n<p>Vous avez \u00e9galement le droit de d\u00e9poser une r\u00e9clamation aupr\u00e8s de l&#8217;autorit\u00e9 de contr\u00f4le comp\u00e9tente si vous estimez que le traitement n&#8217;est pas conforme \u00e0 la r\u00e9glementation en vigueur.<\/p>\n\n\n\n<h2 class=\"wp-block-heading\"><strong>7. INFORMATIONS L\u00c9GALES<\/strong><\/h2>\n\n\n\n<p>Les exigences de cette politique compl\u00e8tent, et ne remplacent pas, toute autre exigence existante en vertu de la loi sur la protection des donn\u00e9es applicable, qui pr\u00e9vaudra en tout \u00e9tat de cause.<\/p>\n\n\n\n<p>Cette politique est sujette \u00e0 des r\u00e9visions p\u00e9riodiques et la soci\u00e9t\u00e9 peut la modifier \u00e0 tout moment. Lorsque cela se produira, nous vous informerons de tout changement et vous demanderons de relire la derni\u00e8re version de notre politique et de confirmer votre acceptation.<\/p>\n","protected":false},"excerpt":{"rendered":"<p>POLITIQUE DE CONFIDENTIALIT\u00c9 1. INFORMATIONS FOURNIES \u00c0 L&#8217;UTILISATEUR Revista B\u00fasquedas, en tant que Responsable du traitement, vous informe qu&#8217;en application du R\u00e8glement (UE) 2016\/679 du 27 avril (RGPD) et de&hellip;<\/p>\n","protected":false},"author":1,"featured_media":0,"parent":0,"menu_order":0,"comment_status":"closed","ping_status":"closed","template":"","meta":{"footnotes":""},"class_list":["post-21988","page","type-page","status-publish","hentry"],"yoast_head":"<!-- This site is optimized with the Yoast SEO plugin v27.6 - https:\/\/yoast.com\/product\/yoast-seo-wordpress\/ -->\n<title>POLITIQUE DE CONFIDENTIALIT\u00c9 &#8226; B\u00fasquedas<\/title>\n<meta name=\"robots\" content=\"index, follow, max-snippet:-1, max-image-preview:large, max-video-preview:-1\" \/>\n<link rel=\"canonical\" href=\"https:\/\/busquedas.org\/fr\/politica-de-privacidad\/\" \/>\n<meta property=\"og:locale\" content=\"fr_FR\" \/>\n<meta property=\"og:type\" content=\"article\" \/>\n<meta property=\"og:title\" content=\"POLITIQUE DE CONFIDENTIALIT\u00c9 &#8226; B\u00fasquedas\" \/>\n<meta property=\"og:description\" content=\"POLITIQUE DE CONFIDENTIALIT\u00c9 1. INFORMATIONS FOURNIES \u00c0 L&#8217;UTILISATEUR Revista B\u00fasquedas, en tant que Responsable du traitement, vous informe qu&#8217;en application du R\u00e8glement (UE) 2016\/679 du 27 avril (RGPD) et de&hellip;\" \/>\n<meta property=\"og:url\" content=\"https:\/\/busquedas.org\/fr\/politica-de-privacidad\/\" \/>\n<meta property=\"og:site_name\" content=\"B\u00fasquedas\" \/>\n<meta property=\"article:publisher\" content=\"https:\/\/www.facebook.com\/busquedasorg\/\" \/>\n<meta property=\"article:modified_time\" content=\"2024-07-12T05:32:17+00:00\" \/>\n<meta property=\"og:image\" content=\"https:\/\/busquedas.org\/wp-content\/uploads\/2026\/04\/Imagen-SEO_p.jpg\" \/>\n\t<meta property=\"og:image:width\" content=\"1200\" \/>\n\t<meta property=\"og:image:height\" content=\"675\" \/>\n\t<meta property=\"og:image:type\" content=\"image\/jpeg\" \/>\n<meta name=\"twitter:card\" content=\"summary_large_image\" \/>\n<meta name=\"twitter:label1\" content=\"Dur\u00e9e de lecture estim\u00e9e\" \/>\n\t<meta name=\"twitter:data1\" content=\"5 minutes\" \/>\n<script type=\"application\/ld+json\" class=\"yoast-schema-graph\">{\"@context\":\"https:\\\/\\\/schema.org\",\"@graph\":[{\"@type\":\"WebPage\",\"@id\":\"https:\\\/\\\/busquedas.org\\\/fr\\\/politica-de-privacidad\\\/\",\"url\":\"https:\\\/\\\/busquedas.org\\\/fr\\\/politica-de-privacidad\\\/\",\"name\":\"POLITIQUE DE CONFIDENTIALIT\u00c9 &#8226; B\u00fasquedas\",\"isPartOf\":{\"@id\":\"https:\\\/\\\/busquedas.org\\\/fr\\\/#website\"},\"datePublished\":\"2024-06-19T00:20:33+00:00\",\"dateModified\":\"2024-07-12T05:32:17+00:00\",\"breadcrumb\":{\"@id\":\"https:\\\/\\\/busquedas.org\\\/fr\\\/politica-de-privacidad\\\/#breadcrumb\"},\"inLanguage\":\"fr-FR\",\"potentialAction\":[{\"@type\":\"ReadAction\",\"target\":[\"https:\\\/\\\/busquedas.org\\\/fr\\\/politica-de-privacidad\\\/\"]}]},{\"@type\":\"BreadcrumbList\",\"@id\":\"https:\\\/\\\/busquedas.org\\\/fr\\\/politica-de-privacidad\\\/#breadcrumb\",\"itemListElement\":[{\"@type\":\"ListItem\",\"position\":1,\"name\":\"Home\",\"item\":\"https:\\\/\\\/busquedas.org\\\/fr\\\/accueil\\\/\"},{\"@type\":\"ListItem\",\"position\":2,\"name\":\"POLITIQUE DE CONFIDENTIALIT\u00c9\"}]},{\"@type\":\"WebSite\",\"@id\":\"https:\\\/\\\/busquedas.org\\\/fr\\\/#website\",\"url\":\"https:\\\/\\\/busquedas.org\\\/fr\\\/\",\"name\":\"B\u00fasquedas\",\"description\":\"Revista B\u00fasquedas\",\"publisher\":{\"@id\":\"https:\\\/\\\/busquedas.org\\\/fr\\\/#organization\"},\"potentialAction\":[{\"@type\":\"SearchAction\",\"target\":{\"@type\":\"EntryPoint\",\"urlTemplate\":\"https:\\\/\\\/busquedas.org\\\/fr\\\/?s={search_term_string}\"},\"query-input\":{\"@type\":\"PropertyValueSpecification\",\"valueRequired\":true,\"valueName\":\"search_term_string\"}}],\"inLanguage\":\"fr-FR\"},{\"@type\":\"Organization\",\"@id\":\"https:\\\/\\\/busquedas.org\\\/fr\\\/#organization\",\"name\":\"Revista B\u00fasquedas\",\"url\":\"https:\\\/\\\/busquedas.org\\\/fr\\\/\",\"logo\":{\"@type\":\"ImageObject\",\"inLanguage\":\"fr-FR\",\"@id\":\"https:\\\/\\\/busquedas.org\\\/fr\\\/#\\\/schema\\\/logo\\\/image\\\/\",\"url\":\"https:\\\/\\\/busquedas.org\\\/wp-content\\\/uploads\\\/2024\\\/05\\\/Logo-busquedas-negro.png\",\"contentUrl\":\"https:\\\/\\\/busquedas.org\\\/wp-content\\\/uploads\\\/2024\\\/05\\\/Logo-busquedas-negro.png\",\"width\":230,\"height\":80,\"caption\":\"Revista B\u00fasquedas\"},\"image\":{\"@id\":\"https:\\\/\\\/busquedas.org\\\/fr\\\/#\\\/schema\\\/logo\\\/image\\\/\"},\"sameAs\":[\"https:\\\/\\\/www.facebook.com\\\/busquedasorg\\\/\",\"https:\\\/\\\/www.instagram.com\\\/busquedas_org\\\/\",\"https:\\\/\\\/www.youtube.com\\\/@busquedas_org\"]}]}<\/script>\n<!-- \/ Yoast SEO plugin. -->","yoast_head_json":{"title":"POLITIQUE DE CONFIDENTIALIT\u00c9 &#8226; B\u00fasquedas","robots":{"index":"index","follow":"follow","max-snippet":"max-snippet:-1","max-image-preview":"max-image-preview:large","max-video-preview":"max-video-preview:-1"},"canonical":"https:\/\/busquedas.org\/fr\/politica-de-privacidad\/","og_locale":"fr_FR","og_type":"article","og_title":"POLITIQUE DE CONFIDENTIALIT\u00c9 &#8226; B\u00fasquedas","og_description":"POLITIQUE DE CONFIDENTIALIT\u00c9 1. INFORMATIONS FOURNIES \u00c0 L&#8217;UTILISATEUR Revista B\u00fasquedas, en tant que Responsable du traitement, vous informe qu&#8217;en application du R\u00e8glement (UE) 2016\/679 du 27 avril (RGPD) et de&hellip;","og_url":"https:\/\/busquedas.org\/fr\/politica-de-privacidad\/","og_site_name":"B\u00fasquedas","article_publisher":"https:\/\/www.facebook.com\/busquedasorg\/","article_modified_time":"2024-07-12T05:32:17+00:00","og_image":[{"width":1200,"height":675,"url":"https:\/\/busquedas.org\/wp-content\/uploads\/2026\/04\/Imagen-SEO_p.jpg","type":"image\/jpeg"}],"twitter_card":"summary_large_image","twitter_misc":{"Dur\u00e9e de lecture estim\u00e9e":"5 minutes"},"schema":{"@context":"https:\/\/schema.org","@graph":[{"@type":"WebPage","@id":"https:\/\/busquedas.org\/fr\/politica-de-privacidad\/","url":"https:\/\/busquedas.org\/fr\/politica-de-privacidad\/","name":"POLITIQUE DE CONFIDENTIALIT\u00c9 &#8226; B\u00fasquedas","isPartOf":{"@id":"https:\/\/busquedas.org\/fr\/#website"},"datePublished":"2024-06-19T00:20:33+00:00","dateModified":"2024-07-12T05:32:17+00:00","breadcrumb":{"@id":"https:\/\/busquedas.org\/fr\/politica-de-privacidad\/#breadcrumb"},"inLanguage":"fr-FR","potentialAction":[{"@type":"ReadAction","target":["https:\/\/busquedas.org\/fr\/politica-de-privacidad\/"]}]},{"@type":"BreadcrumbList","@id":"https:\/\/busquedas.org\/fr\/politica-de-privacidad\/#breadcrumb","itemListElement":[{"@type":"ListItem","position":1,"name":"Home","item":"https:\/\/busquedas.org\/fr\/accueil\/"},{"@type":"ListItem","position":2,"name":"POLITIQUE DE CONFIDENTIALIT\u00c9"}]},{"@type":"WebSite","@id":"https:\/\/busquedas.org\/fr\/#website","url":"https:\/\/busquedas.org\/fr\/","name":"B\u00fasquedas","description":"Revista B\u00fasquedas","publisher":{"@id":"https:\/\/busquedas.org\/fr\/#organization"},"potentialAction":[{"@type":"SearchAction","target":{"@type":"EntryPoint","urlTemplate":"https:\/\/busquedas.org\/fr\/?s={search_term_string}"},"query-input":{"@type":"PropertyValueSpecification","valueRequired":true,"valueName":"search_term_string"}}],"inLanguage":"fr-FR"},{"@type":"Organization","@id":"https:\/\/busquedas.org\/fr\/#organization","name":"Revista B\u00fasquedas","url":"https:\/\/busquedas.org\/fr\/","logo":{"@type":"ImageObject","inLanguage":"fr-FR","@id":"https:\/\/busquedas.org\/fr\/#\/schema\/logo\/image\/","url":"https:\/\/busquedas.org\/wp-content\/uploads\/2024\/05\/Logo-busquedas-negro.png","contentUrl":"https:\/\/busquedas.org\/wp-content\/uploads\/2024\/05\/Logo-busquedas-negro.png","width":230,"height":80,"caption":"Revista B\u00fasquedas"},"image":{"@id":"https:\/\/busquedas.org\/fr\/#\/schema\/logo\/image\/"},"sameAs":["https:\/\/www.facebook.com\/busquedasorg\/","https:\/\/www.instagram.com\/busquedas_org\/","https:\/\/www.youtube.com\/@busquedas_org"]}]}},"_links":{"self":[{"href":"https:\/\/busquedas.org\/fr\/wp-json\/wp\/v2\/pages\/21988","targetHints":{"allow":["GET"]}}],"collection":[{"href":"https:\/\/busquedas.org\/fr\/wp-json\/wp\/v2\/pages"}],"about":[{"href":"https:\/\/busquedas.org\/fr\/wp-json\/wp\/v2\/types\/page"}],"author":[{"embeddable":true,"href":"https:\/\/busquedas.org\/fr\/wp-json\/wp\/v2\/users\/1"}],"replies":[{"embeddable":true,"href":"https:\/\/busquedas.org\/fr\/wp-json\/wp\/v2\/comments?post=21988"}],"version-history":[{"count":1,"href":"https:\/\/busquedas.org\/fr\/wp-json\/wp\/v2\/pages\/21988\/revisions"}],"predecessor-version":[{"id":21990,"href":"https:\/\/busquedas.org\/fr\/wp-json\/wp\/v2\/pages\/21988\/revisions\/21990"}],"wp:attachment":[{"href":"https:\/\/busquedas.org\/fr\/wp-json\/wp\/v2\/media?parent=21988"}],"curies":[{"name":"wp","href":"https:\/\/api.w.org\/{rel}","templated":true}]}}